{"id":2795,"date":"2018-04-19T17:57:44","date_gmt":"2018-04-19T17:57:44","guid":{"rendered":"https:\/\/filipefaisca.com\/?page_id=2795"},"modified":"2018-04-19T17:57:44","modified_gmt":"2018-04-19T17:57:44","slug":"editorial-news","status":"publish","type":"page","link":"https:\/\/filipefaisca.com\/en\/editorial-news\/","title":{"rendered":"Editorial News"},"content":{"rendered":"[vc_row type=&#8221;full_width_background&#8221; full_screen_row_position=&#8221;middle&#8221; scene_position=&#8221;center&#8221; text_color=&#8221;dark&#8221; text_align=&#8221;left&#8221; class=&#8221;primeira-linha-noticias&#8221; overlay_strength=&#8221;0.3&#8243; shape_divider_position=&#8221;bottom&#8221; shape_type=&#8221;&#8221;][vc_column column_padding=&#8221;no-extra-padding&#8221; column_padding_position=&#8221;all&#8221; background_color_opacity=&#8221;1&#8243; background_hover_color_opacity=&#8221;1&#8243; column_shadow=&#8221;none&#8221; column_border_radius=&#8221;none&#8221; width=&#8221;1\/1&#8243; tablet_text_alignment=&#8221;default&#8221; phone_text_alignment=&#8221;default&#8221; column_border_width=&#8221;none&#8221; column_border_style=&#8221;solid&#8221;][vc_row_inner column_margin=&#8221;default&#8221; text_align=&#8221;left&#8221;][vc_column_inner column_padding=&#8221;no-extra-padding&#8221; column_padding_position=&#8221;all&#8221; background_color_opacity=&#8221;1&#8243; background_hover_color_opacity=&#8221;1&#8243; column_shadow=&#8221;none&#8221; column_border_radius=&#8221;none&#8221; width=&#8221;1\/1&#8243; column_border_width=&#8221;none&#8221; column_border_style=&#8221;solid&#8221;][vc_custom_heading text=&#8221;Editorial News&#8221; font_container=&#8221;tag:h1|text_align:left|color:%23ffffff&#8221; use_theme_fonts=&#8221;yes&#8221; css_animation=&#8221;fadeIn&#8221;][\/vc_column_inner][\/vc_row_inner][vc_row_inner equal_height=&#8221;yes&#8221; column_margin=&#8221;default&#8221; text_align=&#8221;left&#8221;][vc_column_inner column_padding=&#8221;no-extra-padding&#8221; column_padding_position=&#8221;all&#8221; background_color_opacity=&#8221;1&#8243; background_hover_color_opacity=&#8221;1&#8243; column_shadow=&#8221;none&#8221; column_border_radius=&#8221;none&#8221; width=&#8221;1\/3&#8243; column_border_width=&#8221;none&#8221; column_border_style=&#8221;solid&#8221;]<div class=\"img-with-aniamtion-wrap \" data-max-width=\"100%\" data-border-radius=\"none\"><div class=\"inner\"><img data-shadow=\"none\" data-shadow-direction=\"middle\" class=\"img-with-animation \" data-delay=\"0\" height=\"720\" width=\"480\" data-animation=\"fade-in\" src=\"https:\/\/filipefaisca.com\/wp-content\/uploads\/2018\/04\/noticias-da-imprensa.jpg\" srcset=\"https:\/\/filipefaisca.com\/wp-content\/uploads\/2018\/04\/noticias-da-imprensa.jpg 480w, https:\/\/filipefaisca.com\/wp-content\/uploads\/2018\/04\/noticias-da-imprensa-200x300.jpg 200w\" sizes=\"100vw\" alt=\"\" \/><\/div><\/div>\r\n    <div class=\"col span_12 section-title text-align-center extra-padding\">\r\n\t\t<h2>Jornal\u00a0P\u00fablico Edi\u00e7\u00e3o n\u00ba 7528 &#8211;\u00a0Revista Primus<\/h2><\/div><div class=\"clear\"><\/div>[\/vc_column_inner][vc_column_inner column_padding=&#8221;no-extra-padding&#8221; column_padding_position=&#8221;all&#8221; background_color_opacity=&#8221;1&#8243; background_hover_color_opacity=&#8221;1&#8243; column_shadow=&#8221;none&#8221; column_border_radius=&#8221;none&#8221; width=&#8221;1\/3&#8243; column_border_width=&#8221;none&#8221; column_border_style=&#8221;solid&#8221;]<div class=\"img-with-aniamtion-wrap \" data-max-width=\"100%\" data-border-radius=\"none\"><div class=\"inner\"><img data-shadow=\"none\" data-shadow-direction=\"middle\" class=\"img-with-animation \" data-delay=\"0\" height=\"720\" width=\"480\" data-animation=\"fade-in\" src=\"https:\/\/filipefaisca.com\/wp-content\/uploads\/2018\/04\/noticias-da-imprensa-3.jpg\" srcset=\"https:\/\/filipefaisca.com\/wp-content\/uploads\/2018\/04\/noticias-da-imprensa-3.jpg 480w, https:\/\/filipefaisca.com\/wp-content\/uploads\/2018\/04\/noticias-da-imprensa-3-200x300.jpg 200w\" sizes=\"100vw\" alt=\"\" \/><\/div><\/div>\r\n    <div class=\"col span_12 section-title text-align-center extra-padding\">\r\n\t\t<h2>Campaign\u00a0Fashion Clinic 2014<\/h2><\/div><div class=\"clear\"><\/div>[\/vc_column_inner][vc_column_inner column_padding=&#8221;no-extra-padding&#8221; column_padding_position=&#8221;all&#8221; background_color_opacity=&#8221;1&#8243; background_hover_color_opacity=&#8221;1&#8243; column_shadow=&#8221;none&#8221; column_border_radius=&#8221;none&#8221; width=&#8221;1\/3&#8243; column_border_width=&#8221;none&#8221; column_border_style=&#8221;solid&#8221;]<div class=\"img-with-aniamtion-wrap \" data-max-width=\"100%\" data-border-radius=\"none\"><div class=\"inner\"><img data-shadow=\"none\" data-shadow-direction=\"middle\" class=\"img-with-animation \" data-delay=\"0\" height=\"677\" width=\"900\" data-animation=\"fade-in\" src=\"https:\/\/filipefaisca.com\/wp-content\/uploads\/2018\/04\/noticias-da-imprensa-2.jpg\" srcset=\"https:\/\/filipefaisca.com\/wp-content\/uploads\/2018\/04\/noticias-da-imprensa-2.jpg 900w, https:\/\/filipefaisca.com\/wp-content\/uploads\/2018\/04\/noticias-da-imprensa-2-300x226.jpg 300w, https:\/\/filipefaisca.com\/wp-content\/uploads\/2018\/04\/noticias-da-imprensa-2-768x578.jpg 768w\" sizes=\"100vw\" alt=\"\" \/><\/div><\/div>\r\n    <div class=\"col span_12 section-title text-align-center extra-padding\">\r\n\t\t<h2>Campaign\u00a0Fashion Clinic 2014<\/h2><\/div><div class=\"clear\"><\/div><div class=\"img-with-aniamtion-wrap \" data-max-width=\"100%\" data-border-radius=\"none\"><div class=\"inner\"><img data-shadow=\"none\" data-shadow-direction=\"middle\" class=\"img-with-animation \" data-delay=\"0\" height=\"587\" width=\"960\" data-animation=\"fade-in\" src=\"https:\/\/filipefaisca.com\/wp-content\/uploads\/2018\/04\/noticias-da-imprensa-6.jpg\" srcset=\"https:\/\/filipefaisca.com\/wp-content\/uploads\/2018\/04\/noticias-da-imprensa-6.jpg 960w, https:\/\/filipefaisca.com\/wp-content\/uploads\/2018\/04\/noticias-da-imprensa-6-300x183.jpg 300w, https:\/\/filipefaisca.com\/wp-content\/uploads\/2018\/04\/noticias-da-imprensa-6-768x470.jpg 768w\" sizes=\"100vw\" alt=\"\" \/><\/div><\/div>\r\n    <div class=\"col span_12 section-title text-align-center extra-padding\">\r\n\t\t<h2>Jornal P\u00fablico\u00a0Edi\u00e7\u00e3o\u00a0n\u00ba 8060 \u2010\u00a0Revista\u00a0Primus\u00a0\u2013\u00a03\u00a0May\u00a02012<\/h2><\/div><div class=\"clear\"><\/div>[\/vc_column_inner][\/vc_row_inner][vc_row_inner column_margin=&#8221;default&#8221; text_align=&#8221;left&#8221;][vc_column_inner column_padding=&#8221;no-extra-padding&#8221; column_padding_position=&#8221;all&#8221; background_color_opacity=&#8221;1&#8243; background_hover_color_opacity=&#8221;1&#8243; column_shadow=&#8221;none&#8221; column_border_radius=&#8221;none&#8221; width=&#8221;1\/3&#8243; column_border_width=&#8221;none&#8221; column_border_style=&#8221;solid&#8221;]<div class=\"img-with-aniamtion-wrap center\" data-max-width=\"100%\" data-border-radius=\"none\"><div class=\"inner\"><a href=\"https:\/\/filipefaisca.com\/wp-content\/uploads\/2018\/04\/noticias-da-imprensa-5.jpg\" class=\"pp center\"><img data-shadow=\"none\" data-shadow-direction=\"middle\" class=\"img-with-animation \" data-delay=\"0\" height=\"720\" width=\"480\" data-animation=\"fade-in\" src=\"https:\/\/filipefaisca.com\/wp-content\/uploads\/2018\/04\/noticias-da-imprensa-5.jpg\" srcset=\"https:\/\/filipefaisca.com\/wp-content\/uploads\/2018\/04\/noticias-da-imprensa-5.jpg 480w, https:\/\/filipefaisca.com\/wp-content\/uploads\/2018\/04\/noticias-da-imprensa-5-200x300.jpg 200w\" sizes=\"100vw\" alt=\"\" \/><\/a><\/div><\/div>\r\n    <div class=\"col span_12 section-title text-align-center extra-padding\">\r\n\t\t<h2>Jornal\u00a0P\u00fablico\u00a0Edi\u00e7\u00e3o\u00a0n\u00ba\u00a07894\u00a0de\u00a017\u00a0Nov 2011\u00a0\u2010\u00a0Revista\u00a0Primus<\/h2><\/div><div class=\"clear\"><\/div>[\/vc_column_inner][vc_column_inner column_padding=&#8221;no-extra-padding&#8221; column_padding_position=&#8221;all&#8221; background_color_opacity=&#8221;1&#8243; background_hover_color_opacity=&#8221;1&#8243; column_shadow=&#8221;none&#8221; column_border_radius=&#8221;none&#8221; width=&#8221;1\/3&#8243; column_border_width=&#8221;none&#8221; column_border_style=&#8221;solid&#8221;]<div class=\"img-with-aniamtion-wrap center\" data-max-width=\"100%\" data-border-radius=\"none\"><div class=\"inner\"><a href=\"https:\/\/filipefaisca.com\/wp-content\/uploads\/2018\/04\/noticias-da-imprensa-4.jpg\" class=\"pp center\"><img data-shadow=\"none\" data-shadow-direction=\"middle\" class=\"img-with-animation \" data-delay=\"0\" height=\"720\" width=\"480\" data-animation=\"fade-in\" src=\"https:\/\/filipefaisca.com\/wp-content\/uploads\/2018\/04\/noticias-da-imprensa-4.jpg\" srcset=\"https:\/\/filipefaisca.com\/wp-content\/uploads\/2018\/04\/noticias-da-imprensa-4.jpg 480w, https:\/\/filipefaisca.com\/wp-content\/uploads\/2018\/04\/noticias-da-imprensa-4-200x300.jpg 200w\" sizes=\"100vw\" alt=\"\" \/><\/a><\/div><\/div>\r\n    <div class=\"col span_12 section-title text-align-center extra-padding\">\r\n\t\t<h2>Jornal\u00a0P\u00fablico\u00a0Edi\u00e7\u00e3o\u00a0n\u00ba\u00a07894\u00a0de\u00a017\u00a0Nov 2011\u00a0\u2010\u00a0Revista\u00a0Primus<\/h2><\/div><div class=\"clear\"><\/div>[\/vc_column_inner][vc_column_inner column_padding=&#8221;no-extra-padding&#8221; column_padding_position=&#8221;all&#8221; background_color_opacity=&#8221;1&#8243; background_hover_color_opacity=&#8221;1&#8243; column_shadow=&#8221;none&#8221; column_border_radius=&#8221;none&#8221; width=&#8221;1\/3&#8243; column_border_width=&#8221;none&#8221; column_border_style=&#8221;solid&#8221;]<div class=\"img-with-aniamtion-wrap center\" data-max-width=\"100%\" data-border-radius=\"none\"><div class=\"inner\"><a href=\"https:\/\/filipefaisca.com\/wp-content\/uploads\/2018\/04\/noticias-da-imprensa-7.jpg\" class=\"pp center\"><img data-shadow=\"none\" data-shadow-direction=\"middle\" class=\"img-with-animation \" data-delay=\"0\" height=\"720\" width=\"480\" data-animation=\"fade-in\" src=\"https:\/\/filipefaisca.com\/wp-content\/uploads\/2018\/04\/noticias-da-imprensa-7.jpg\" srcset=\"https:\/\/filipefaisca.com\/wp-content\/uploads\/2018\/04\/noticias-da-imprensa-7.jpg 480w, https:\/\/filipefaisca.com\/wp-content\/uploads\/2018\/04\/noticias-da-imprensa-7-200x300.jpg 200w\" sizes=\"100vw\" alt=\"\" \/><\/a><\/div><\/div>\r\n    <div class=\"col span_12 section-title text-align-center extra-padding\">\r\n\t\t<h2>Jornal P\u00fablico Edi\u00e7\u00e3o\u00a0n\u00ba\u00a08060\u00a0\u2010\u00a0Revista\u00a0Primus\u00a0\u2013\u00a03\u00a0May 2012<\/h2><\/div><div class=\"clear\"><\/div>[\/vc_column_inner][\/vc_row_inner][\/vc_column][\/vc_row]\n","protected":false},"excerpt":{"rendered":"<p>[vc_row type=&#8221;full_width_background&#8221; full_screen_row_position=&#8221;middle&#8221; scene_position=&#8221;center&#8221; text_color=&#8221;dark&#8221; text_align=&#8221;left&#8221; class=&#8221;primeira-linha-noticias&#8221; overlay_strength=&#8221;0.3&#8243; shape_divider_position=&#8221;bottom&#8221; shape_type=&#8221;&#8221;][vc_column column_padding=&#8221;no-extra-padding&#8221; column_padding_position=&#8221;all&#8221; background_color_opacity=&#8221;1&#8243; background_hover_color_opacity=&#8221;1&#8243; column_shadow=&#8221;none&#8221; column_border_radius=&#8221;none&#8221; width=&#8221;1\/1&#8243; tablet_text_alignment=&#8221;default&#8221; phone_text_alignment=&#8221;default&#8221; column_border_width=&#8221;none&#8221; column_border_style=&#8221;solid&#8221;][vc_row_inner column_margin=&#8221;default&#8221; text_align=&#8221;left&#8221;][vc_column_inner column_padding=&#8221;no-extra-padding&#8221; column_padding_position=&#8221;all&#8221; background_color_opacity=&#8221;1&#8243; background_hover_color_opacity=&#8221;1&#8243; column_shadow=&#8221;none&#8221; column_border_radius=&#8221;none&#8221; width=&#8221;1\/1&#8243;&#8230;<\/p>\n","protected":false},"author":1,"featured_media":0,"parent":0,"menu_order":0,"comment_status":"closed","ping_status":"closed","template":"","meta":{"om_disable_all_campaigns":false,"_mi_skip_tracking":false},"aioseo_notices":[],"_links":{"self":[{"href":"https:\/\/filipefaisca.com\/en\/wp-json\/wp\/v2\/pages\/2795"}],"collection":[{"href":"https:\/\/filipefaisca.com\/en\/wp-json\/wp\/v2\/pages"}],"about":[{"href":"https:\/\/filipefaisca.com\/en\/wp-json\/wp\/v2\/types\/page"}],"author":[{"embeddable":true,"href":"https:\/\/filipefaisca.com\/en\/wp-json\/wp\/v2\/users\/1"}],"replies":[{"embeddable":true,"href":"https:\/\/filipefaisca.com\/en\/wp-json\/wp\/v2\/comments?post=2795"}],"version-history":[{"count":1,"href":"https:\/\/filipefaisca.com\/en\/wp-json\/wp\/v2\/pages\/2795\/revisions"}],"predecessor-version":[{"id":2797,"href":"https:\/\/filipefaisca.com\/en\/wp-json\/wp\/v2\/pages\/2795\/revisions\/2797"}],"wp:attachment":[{"href":"https:\/\/filipefaisca.com\/en\/wp-json\/wp\/v2\/media?parent=2795"}],"curies":[{"name":"wp","href":"https:\/\/api.w.org\/{rel}","templated":true}]}}